{"id":4456,"date":"2022-10-24T16:09:36","date_gmt":"2022-10-24T16:09:36","guid":{"rendered":"https:\/\/www.samson-reinigung.ch\/?page_id=4456"},"modified":"2022-10-25T10:17:42","modified_gmt":"2022-10-25T10:17:42","slug":"periodische-wohnungsreinigung","status":"publish","type":"page","link":"https:\/\/www.samson-reinigung.ch\/en\/periodische-wohnungsreinigung\/","title":{"rendered":"Periodische Wohnungsreinigung"},"content":{"rendered":"<div data-elementor-type=\"wp-page\" data-elementor-id=\"4456\" class=\"elementor elementor-4456\" data-elementor-post-type=\"page\">\n\t\t\t\t\t\t<section class=\"elementor-section elementor-top-section elementor-element elementor-element-6b14c50e elementor-section-full_width elementor-section-height-min-height elementor-section-height-default elementor-section-items-middle\" data-id=\"6b14c50e\" data-element_type=\"section\" id=\"slider_hide1\" data-settings=\"{&quot;jet_parallax_layout_list&quot;:[{&quot;_id&quot;:&quot;5aba94&quot;,&quot;jet_parallax_layout_image&quot;:{&quot;url&quot;:&quot;&quot;,&quot;id&quot;:&quot;&quot;,&quot;size&quot;:&quot;&quot;},&quot;jet_parallax_layout_image_tablet&quot;:{&quot;url&quot;:&quot;&quot;,&quot;id&quot;:&quot;&quot;,&quot;size&quot;:&quot;&quot;},&quot;jet_parallax_layout_image_mobile&quot;:{&quot;url&quot;:&quot;&quot;,&quot;id&quot;:&quot;&quot;,&quot;size&quot;:&quot;&quot;},&quot;jet_parallax_layout_speed&quot;:{&quot;unit&quot;:&quot;%&quot;,&quot;size&quot;:50,&quot;sizes&quot;:[]},&quot;jet_parallax_layout_type&quot;:&quot;scroll&quot;,&quot;jet_parallax_layout_direction&quot;:null,&quot;jet_parallax_layout_fx_direction&quot;:null,&quot;jet_parallax_layout_z_index&quot;:&quot;&quot;,&quot;jet_parallax_layout_bg_x&quot;:50,&quot;jet_parallax_layout_bg_x_tablet&quot;:&quot;&quot;,&quot;jet_parallax_layout_bg_x_mobile&quot;:&quot;&quot;,&quot;jet_parallax_layout_bg_y&quot;:50,&quot;jet_parallax_layout_bg_y_tablet&quot;:&quot;&quot;,&quot;jet_parallax_layout_bg_y_mobile&quot;:&quot;&quot;,&quot;jet_parallax_layout_bg_size&quot;:&quot;auto&quot;,&quot;jet_parallax_layout_bg_size_tablet&quot;:&quot;&quot;,&quot;jet_parallax_layout_bg_size_mobile&quot;:&quot;&quot;,&quot;jet_parallax_layout_animation_prop&quot;:&quot;transform&quot;,&quot;jet_parallax_layout_on&quot;:[&quot;desktop&quot;,&quot;tablet&quot;]}],&quot;background_background&quot;:&quot;classic&quot;}\">\n\t\t\t\t\t\t\t<div class=\"elementor-background-overlay\"><\/div>\n\t\t\t\t\t\t\t<div class=\"elementor-container elementor-column-gap-default\">\n\t\t\t\t\t<div class=\"elementor-column elementor-col-100 elementor-top-column elementor-element elementor-element-41422944\" data-id=\"41422944\" data-element_type=\"column\">\n\t\t\t<div class=\"elementor-widget-wrap elementor-element-populated\">\n\t\t\t\t\t\t<div class=\"elementor-element elementor-element-1f8246e4 elementor-widget elementor-widget-heading\" data-id=\"1f8246e4\" data-element_type=\"widget\" data-widget_type=\"heading.default\">\n\t\t\t\t<div class=\"elementor-widget-container\">\n\t\t\t<h2 class=\"elementor-heading-title elementor-size-default\">Periodische Wohnungsreinigung<\/h2>\t\t<\/div>\n\t\t\t\t<\/div>\n\t\t\t\t\t<\/div>\n\t\t<\/div>\n\t\t\t\t\t<\/div>\n\t\t<\/section>\n\t\t\t\t<section class=\"elementor-section elementor-top-section elementor-element elementor-element-5135f3e9 elementor-section-boxed elementor-section-height-default elementor-section-height-default\" data-id=\"5135f3e9\" data-element_type=\"section\" data-settings=\"{&quot;jet_parallax_layout_list&quot;:[{&quot;jet_parallax_layout_image&quot;:{&quot;url&quot;:&quot;&quot;,&quot;id&quot;:&quot;&quot;,&quot;size&quot;:&quot;&quot;},&quot;_id&quot;:&quot;6db8c45&quot;,&quot;jet_parallax_layout_image_tablet&quot;:{&quot;url&quot;:&quot;&quot;,&quot;id&quot;:&quot;&quot;,&quot;size&quot;:&quot;&quot;},&quot;jet_parallax_layout_image_mobile&quot;:{&quot;url&quot;:&quot;&quot;,&quot;id&quot;:&quot;&quot;,&quot;size&quot;:&quot;&quot;},&quot;jet_parallax_layout_speed&quot;:{&quot;unit&quot;:&quot;%&quot;,&quot;size&quot;:50,&quot;sizes&quot;:[]},&quot;jet_parallax_layout_type&quot;:&quot;scroll&quot;,&quot;jet_parallax_layout_direction&quot;:null,&quot;jet_parallax_layout_fx_direction&quot;:null,&quot;jet_parallax_layout_z_index&quot;:&quot;&quot;,&quot;jet_parallax_layout_bg_x&quot;:50,&quot;jet_parallax_layout_bg_x_tablet&quot;:&quot;&quot;,&quot;jet_parallax_layout_bg_x_mobile&quot;:&quot;&quot;,&quot;jet_parallax_layout_bg_y&quot;:50,&quot;jet_parallax_layout_bg_y_tablet&quot;:&quot;&quot;,&quot;jet_parallax_layout_bg_y_mobile&quot;:&quot;&quot;,&quot;jet_parallax_layout_bg_size&quot;:&quot;auto&quot;,&quot;jet_parallax_layout_bg_size_tablet&quot;:&quot;&quot;,&quot;jet_parallax_layout_bg_size_mobile&quot;:&quot;&quot;,&quot;jet_parallax_layout_animation_prop&quot;:&quot;transform&quot;,&quot;jet_parallax_layout_on&quot;:[&quot;desktop&quot;,&quot;tablet&quot;]}]}\">\n\t\t\t\t\t\t<div class=\"elementor-container elementor-column-gap-default\">\n\t\t\t\t\t<div class=\"elementor-column elementor-col-50 elementor-top-column elementor-element elementor-element-26edccd8\" data-id=\"26edccd8\" data-element_type=\"column\">\n\t\t\t<div class=\"elementor-widget-wrap elementor-element-populated\">\n\t\t\t\t\t\t<div class=\"elementor-element elementor-element-5ed0811b elementor-widget elementor-widget-image\" data-id=\"5ed0811b\" data-element_type=\"widget\" data-widget_type=\"image.default\">\n\t\t\t\t<div class=\"elementor-widget-container\">\n\t\t\t\t\t\t\t\t\t\t\t\t\t\t<a href=\"https:\/\/www.samson-reinigung.ch\/wp-content\/uploads\/2022\/10\/wohnungsreinigung.jpg\" data-elementor-open-lightbox=\"yes\" data-elementor-lightbox-title=\"wohnungsreinigung\" data-e-action-hash=\"#elementor-action%3Aaction%3Dlightbox%26settings%3DeyJpZCI6NDQ1OCwidXJsIjoiaHR0cHM6XC9cL3d3dy5zYW1zb24tcmVpbmlndW5nLmNoXC93cC1jb250ZW50XC91cGxvYWRzXC8yMDIyXC8xMFwvd29obnVuZ3NyZWluaWd1bmcuanBnIn0%3D\">\n\t\t\t\t\t\t\t<img fetchpriority=\"high\" decoding=\"async\" width=\"800\" height=\"533\" src=\"https:\/\/www.samson-reinigung.ch\/wp-content\/uploads\/2022\/10\/wohnungsreinigung.jpg\" class=\"attachment-large size-large wp-image-4458\" alt=\"\" srcset=\"https:\/\/www.samson-reinigung.ch\/wp-content\/uploads\/2022\/10\/wohnungsreinigung.jpg 900w, https:\/\/www.samson-reinigung.ch\/wp-content\/uploads\/2022\/10\/wohnungsreinigung-300x200.jpg 300w, https:\/\/www.samson-reinigung.ch\/wp-content\/uploads\/2022\/10\/wohnungsreinigung-768x512.jpg 768w, https:\/\/www.samson-reinigung.ch\/wp-content\/uploads\/2022\/10\/wohnungsreinigung-18x12.jpg 18w\" sizes=\"(max-width: 800px) 100vw, 800px\" \/>\t\t\t\t\t\t\t\t<\/a>\n\t\t\t\t\t\t\t\t\t\t\t\t\t<\/div>\n\t\t\t\t<\/div>\n\t\t\t\t\t<\/div>\n\t\t<\/div>\n\t\t\t\t<div class=\"elementor-column elementor-col-50 elementor-top-column elementor-element elementor-element-5569814\" data-id=\"5569814\" data-element_type=\"column\">\n\t\t\t<div class=\"elementor-widget-wrap elementor-element-populated\">\n\t\t\t\t\t\t<div class=\"elementor-element elementor-element-22b9e9da elementor-widget elementor-widget-heading\" data-id=\"22b9e9da\" data-element_type=\"widget\" data-widget_type=\"heading.default\">\n\t\t\t\t<div class=\"elementor-widget-container\">\n\t\t\t<h2 class=\"elementor-heading-title elementor-size-default\">Dienstleistung - Ihr Mehrwert<\/h2>\t\t<\/div>\n\t\t\t\t<\/div>\n\t\t\t\t<div class=\"elementor-element elementor-element-1f24cbaa elementor-widget elementor-widget-text-editor\" data-id=\"1f24cbaa\" data-element_type=\"widget\" data-widget_type=\"text-editor.default\">\n\t\t\t\t<div class=\"elementor-widget-container\">\n\t\t\t\t\t\t\t<ul><li>Qualit\u00e4tsmanagement f\u00fcr Periodische<br \/>Wohnungsreinigung<\/li><li>professionelle Reinigungsmittel und -Ger\u00e4tschaften f\u00fcr verschiedene Materialien, immer die richtigen Reinigungs- und<br \/>Pflegeprodukte<\/li><li>Kundenw\u00fcnsche werden individuell beachtet<\/li><li>in unserem Betrieb wird nach dem Vierfarbensystem gearbeitet<\/li><li>einheitliche Reinigungsstandards<\/li><\/ul><p>\u00a0<\/p><p>Testen Sie unsere Dienstleistung zuerst &#8211; Bevor wir einen Vertrag mit Ihnen abschliessen,\u00a0k\u00f6nnen Sie 1 Monat testen.<\/p>\t\t\t\t\t\t<\/div>\n\t\t\t\t<\/div>\n\t\t\t\t\t<\/div>\n\t\t<\/div>\n\t\t\t\t\t<\/div>\n\t\t<\/section>\n\t\t\t\t<section class=\"elementor-section elementor-top-section elementor-element elementor-element-5941495 elementor-section-boxed elementor-section-height-default elementor-section-height-default\" data-id=\"5941495\" data-element_type=\"section\" data-settings=\"{&quot;jet_parallax_layout_list&quot;:[]}\">\n\t\t\t\t\t\t<div class=\"elementor-container elementor-column-gap-default\">\n\t\t\t\t\t<div class=\"elementor-column elementor-col-100 elementor-top-column elementor-element elementor-element-b8bc1a4\" data-id=\"b8bc1a4\" data-element_type=\"column\">\n\t\t\t<div class=\"elementor-widget-wrap elementor-element-populated\">\n\t\t\t\t\t\t<div class=\"elementor-element elementor-element-c440236 elementor-widget elementor-widget-text-editor\" data-id=\"c440236\" data-element_type=\"widget\" data-widget_type=\"text-editor.default\">\n\t\t\t\t<div class=\"elementor-widget-container\">\n\t\t\t\t\t\t\t<ul>\n<li>Fixer Tag und fixe Zeit f\u00fcr die Reinigung<\/li>\n<li>Reinigungsmittel und Material wird von uns geliefert<\/li>\n<li>Fixer Tag und fixe Zeit f\u00fcr die Reinigung<\/li>\n<li>Alle Sozialleistungen und Versicherungen inkl.&nbsp;<\/li>\n<\/ul>\n<p><strong><br><\/strong><\/p><p><strong>1.5 &#8211; 2.5 Zimmer-Wohnung<\/strong><\/p>\n<p>Reinigung w\u00f6chentlich: &nbsp; &nbsp; &nbsp; &nbsp; &nbsp; &nbsp; &nbsp; &nbsp; &nbsp;&nbsp;ab CHF 249.00*<br><br><\/p><p>Die Preise pro Monat sehen wie folgt aus:<\/p>\n<p><b>3.5 &#8211; 5.5 Zimmer-Wohnung<\/b><\/p><p>Reinigung w\u00f6chentlich: &nbsp; &nbsp; &nbsp; &nbsp; &nbsp; &nbsp; &nbsp; &nbsp; &nbsp;&nbsp;ab CHF 349.00*<br>Reinigung alle zwei Wochen: &nbsp; &nbsp; &nbsp; &nbsp; &nbsp;ab CHF 249.00*<br><br><\/p><p>Preis pro Monat. Im Preisen inbegriffen sind; Sozialleistungen, Versicherungen,&nbsp;Reinigungsmittel, Material und Fahrtkosten.<\/p>\t\t\t\t\t\t<\/div>\n\t\t\t\t<\/div>\n\t\t\t\t<section class=\"elementor-section elementor-inner-section elementor-element elementor-element-12fece0 elementor-section-boxed elementor-section-height-default elementor-section-height-default\" data-id=\"12fece0\" data-element_type=\"section\" data-settings=\"{&quot;jet_parallax_layout_list&quot;:[]}\">\n\t\t\t\t\t\t<div class=\"elementor-container elementor-column-gap-default\">\n\t\t\t\t\t<div class=\"elementor-column elementor-col-50 elementor-inner-column elementor-element elementor-element-505f0aa\" data-id=\"505f0aa\" data-element_type=\"column\">\n\t\t\t<div class=\"elementor-widget-wrap elementor-element-populated\">\n\t\t\t\t\t\t<div class=\"elementor-element elementor-element-f0b6536 elementor-mobile-align-center elementor-widget elementor-widget-button\" data-id=\"f0b6536\" data-element_type=\"widget\" data-widget_type=\"button.default\">\n\t\t\t\t<div class=\"elementor-widget-container\">\n\t\t\t\t\t<div class=\"elementor-button-wrapper\">\n\t\t\t<a class=\"elementor-button elementor-button-link elementor-size-sm\" href=\"https:\/\/www.samson-reinigung.ch\/en\/contact\/\">\n\t\t\t\t\t\t<span class=\"elementor-button-content-wrapper\">\n\t\t\t\t\t\t<span class=\"elementor-button-text\">Beratung | Kontakt<\/span>\n\t\t<\/span>\n\t\t\t\t\t<\/a>\n\t\t<\/div>\n\t\t\t\t<\/div>\n\t\t\t\t<\/div>\n\t\t\t\t\t<\/div>\n\t\t<\/div>\n\t\t\t\t<div class=\"elementor-column elementor-col-50 elementor-inner-column elementor-element elementor-element-2715bf0\" data-id=\"2715bf0\" data-element_type=\"column\">\n\t\t\t<div class=\"elementor-widget-wrap elementor-element-populated\">\n\t\t\t\t\t\t<div class=\"elementor-element elementor-element-87645ca elementor-mobile-align-center elementor-widget elementor-widget-button\" data-id=\"87645ca\" data-element_type=\"widget\" data-widget_type=\"button.default\">\n\t\t\t\t<div class=\"elementor-widget-container\">\n\t\t\t\t\t<div class=\"elementor-button-wrapper\">\n\t\t\t<a class=\"elementor-button elementor-button-link elementor-size-sm\" href=\"https:\/\/www.samson-reinigung.ch\/en\/reinigung\/\">\n\t\t\t\t\t\t<span class=\"elementor-button-content-wrapper\">\n\t\t\t\t\t\t<span class=\"elementor-button-text\">back<\/span>\n\t\t<\/span>\n\t\t\t\t\t<\/a>\n\t\t<\/div>\n\t\t\t\t<\/div>\n\t\t\t\t<\/div>\n\t\t\t\t\t<\/div>\n\t\t<\/div>\n\t\t\t\t\t<\/div>\n\t\t<\/section>\n\t\t\t\t\t<\/div>\n\t\t<\/div>\n\t\t\t\t\t<\/div>\n\t\t<\/section>\n\t\t\t\t<\/div>","protected":false},"excerpt":{"rendered":"<p>Dienstleistung &#8211; Ihr Mehrwert Qualit\u00e4tsmanagement f\u00fcr PeriodischeWohnungsreinigung professionelle Reinigungsmittel und -Ger\u00e4tschaften f\u00fcr verschiedene Materialien, immer die richtigen Reinigungs- undPflegeprodukte Kundenw\u00fcnsche werden individuell beachtet in unserem Betrieb wird nach dem Vierfarbensystem gearbeitet einheitliche Reinigungsstandards \u00a0 Testen Sie unsere Dienstleistung zuerst &#8211; Bevor wir einen Vertrag mit Ihnen abschliessen,\u00a0k\u00f6nnen Sie 1 Monat testen. Fixer Tag und fixe [&hellip;]<\/p>","protected":false},"author":1,"featured_media":0,"parent":0,"menu_order":0,"comment_status":"closed","ping_status":"closed","template":"","meta":{"footnotes":""},"_links":{"self":[{"href":"https:\/\/www.samson-reinigung.ch\/en\/wp-json\/wp\/v2\/pages\/4456"}],"collection":[{"href":"https:\/\/www.samson-reinigung.ch\/en\/wp-json\/wp\/v2\/pages"}],"about":[{"href":"https:\/\/www.samson-reinigung.ch\/en\/wp-json\/wp\/v2\/types\/page"}],"author":[{"embeddable":true,"href":"https:\/\/www.samson-reinigung.ch\/en\/wp-json\/wp\/v2\/users\/1"}],"replies":[{"embeddable":true,"href":"https:\/\/www.samson-reinigung.ch\/en\/wp-json\/wp\/v2\/comments?post=4456"}],"version-history":[{"count":7,"href":"https:\/\/www.samson-reinigung.ch\/en\/wp-json\/wp\/v2\/pages\/4456\/revisions"}],"predecessor-version":[{"id":4630,"href":"https:\/\/www.samson-reinigung.ch\/en\/wp-json\/wp\/v2\/pages\/4456\/revisions\/4630"}],"wp:attachment":[{"href":"https:\/\/www.samson-reinigung.ch\/en\/wp-json\/wp\/v2\/media?parent=4456"}],"curies":[{"name":"wp","href":"https:\/\/api.w.org\/{rel}","templated":true}]}}