{"id":4431,"date":"2022-10-24T15:24:01","date_gmt":"2022-10-24T15:24:01","guid":{"rendered":"https:\/\/www.samson-reinigung.ch\/?page_id=4431"},"modified":"2022-10-25T10:15:52","modified_gmt":"2022-10-25T10:15:52","slug":"bueroreinigung","status":"publish","type":"page","link":"https:\/\/www.samson-reinigung.ch\/en\/bueroreinigung\/","title":{"rendered":"B\u00fcroreinigung"},"content":{"rendered":"<div data-elementor-type=\"wp-page\" data-elementor-id=\"4431\" class=\"elementor elementor-4431\" data-elementor-post-type=\"page\">\n\t\t\t\t\t\t<section class=\"elementor-section elementor-top-section elementor-element elementor-element-703e0c92 elementor-section-full_width elementor-section-height-min-height elementor-section-height-default elementor-section-items-middle\" data-id=\"703e0c92\" data-element_type=\"section\" id=\"slider_hide1\" data-settings=\"{&quot;jet_parallax_layout_list&quot;:[{&quot;_id&quot;:&quot;5aba94&quot;,&quot;jet_parallax_layout_image&quot;:{&quot;url&quot;:&quot;&quot;,&quot;id&quot;:&quot;&quot;,&quot;size&quot;:&quot;&quot;},&quot;jet_parallax_layout_image_tablet&quot;:{&quot;url&quot;:&quot;&quot;,&quot;id&quot;:&quot;&quot;,&quot;size&quot;:&quot;&quot;},&quot;jet_parallax_layout_image_mobile&quot;:{&quot;url&quot;:&quot;&quot;,&quot;id&quot;:&quot;&quot;,&quot;size&quot;:&quot;&quot;},&quot;jet_parallax_layout_speed&quot;:{&quot;unit&quot;:&quot;%&quot;,&quot;size&quot;:50,&quot;sizes&quot;:[]},&quot;jet_parallax_layout_type&quot;:&quot;scroll&quot;,&quot;jet_parallax_layout_direction&quot;:null,&quot;jet_parallax_layout_fx_direction&quot;:null,&quot;jet_parallax_layout_z_index&quot;:&quot;&quot;,&quot;jet_parallax_layout_bg_x&quot;:50,&quot;jet_parallax_layout_bg_x_tablet&quot;:&quot;&quot;,&quot;jet_parallax_layout_bg_x_mobile&quot;:&quot;&quot;,&quot;jet_parallax_layout_bg_y&quot;:50,&quot;jet_parallax_layout_bg_y_tablet&quot;:&quot;&quot;,&quot;jet_parallax_layout_bg_y_mobile&quot;:&quot;&quot;,&quot;jet_parallax_layout_bg_size&quot;:&quot;auto&quot;,&quot;jet_parallax_layout_bg_size_tablet&quot;:&quot;&quot;,&quot;jet_parallax_layout_bg_size_mobile&quot;:&quot;&quot;,&quot;jet_parallax_layout_animation_prop&quot;:&quot;transform&quot;,&quot;jet_parallax_layout_on&quot;:[&quot;desktop&quot;,&quot;tablet&quot;]}],&quot;background_background&quot;:&quot;classic&quot;}\">\n\t\t\t\t\t\t\t<div class=\"elementor-background-overlay\"><\/div>\n\t\t\t\t\t\t\t<div class=\"elementor-container elementor-column-gap-default\">\n\t\t\t\t\t<div class=\"elementor-column elementor-col-100 elementor-top-column elementor-element elementor-element-587cfa47\" data-id=\"587cfa47\" data-element_type=\"column\">\n\t\t\t<div class=\"elementor-widget-wrap elementor-element-populated\">\n\t\t\t\t\t\t<div class=\"elementor-element elementor-element-259bc05e elementor-widget elementor-widget-heading\" data-id=\"259bc05e\" data-element_type=\"widget\" data-widget_type=\"heading.default\">\n\t\t\t\t<div class=\"elementor-widget-container\">\n\t\t\t<h2 class=\"elementor-heading-title elementor-size-default\">B\u00fcroreinigung<\/h2>\t\t<\/div>\n\t\t\t\t<\/div>\n\t\t\t\t\t<\/div>\n\t\t<\/div>\n\t\t\t\t\t<\/div>\n\t\t<\/section>\n\t\t\t\t<section class=\"elementor-section elementor-top-section elementor-element elementor-element-4e4168aa elementor-section-boxed elementor-section-height-default elementor-section-height-default\" data-id=\"4e4168aa\" data-element_type=\"section\" data-settings=\"{&quot;jet_parallax_layout_list&quot;:[{&quot;jet_parallax_layout_image&quot;:{&quot;url&quot;:&quot;&quot;,&quot;id&quot;:&quot;&quot;,&quot;size&quot;:&quot;&quot;},&quot;_id&quot;:&quot;6db8c45&quot;,&quot;jet_parallax_layout_image_tablet&quot;:{&quot;url&quot;:&quot;&quot;,&quot;id&quot;:&quot;&quot;,&quot;size&quot;:&quot;&quot;},&quot;jet_parallax_layout_image_mobile&quot;:{&quot;url&quot;:&quot;&quot;,&quot;id&quot;:&quot;&quot;,&quot;size&quot;:&quot;&quot;},&quot;jet_parallax_layout_speed&quot;:{&quot;unit&quot;:&quot;%&quot;,&quot;size&quot;:50,&quot;sizes&quot;:[]},&quot;jet_parallax_layout_type&quot;:&quot;scroll&quot;,&quot;jet_parallax_layout_direction&quot;:null,&quot;jet_parallax_layout_fx_direction&quot;:null,&quot;jet_parallax_layout_z_index&quot;:&quot;&quot;,&quot;jet_parallax_layout_bg_x&quot;:50,&quot;jet_parallax_layout_bg_x_tablet&quot;:&quot;&quot;,&quot;jet_parallax_layout_bg_x_mobile&quot;:&quot;&quot;,&quot;jet_parallax_layout_bg_y&quot;:50,&quot;jet_parallax_layout_bg_y_tablet&quot;:&quot;&quot;,&quot;jet_parallax_layout_bg_y_mobile&quot;:&quot;&quot;,&quot;jet_parallax_layout_bg_size&quot;:&quot;auto&quot;,&quot;jet_parallax_layout_bg_size_tablet&quot;:&quot;&quot;,&quot;jet_parallax_layout_bg_size_mobile&quot;:&quot;&quot;,&quot;jet_parallax_layout_animation_prop&quot;:&quot;transform&quot;,&quot;jet_parallax_layout_on&quot;:[&quot;desktop&quot;,&quot;tablet&quot;]}]}\">\n\t\t\t\t\t\t<div class=\"elementor-container elementor-column-gap-default\">\n\t\t\t\t\t<div class=\"elementor-column elementor-col-50 elementor-top-column elementor-element elementor-element-147c39bd\" data-id=\"147c39bd\" data-element_type=\"column\">\n\t\t\t<div class=\"elementor-widget-wrap elementor-element-populated\">\n\t\t\t\t\t\t<div class=\"elementor-element elementor-element-56b906ce elementor-widget elementor-widget-image\" data-id=\"56b906ce\" data-element_type=\"widget\" data-widget_type=\"image.default\">\n\t\t\t\t<div class=\"elementor-widget-container\">\n\t\t\t\t\t\t\t\t\t\t\t\t\t\t<a href=\"https:\/\/www.samson-reinigung.ch\/wp-content\/uploads\/2022\/10\/bueroreinigung.jpg\" data-elementor-open-lightbox=\"yes\" data-elementor-lightbox-title=\"bueroreinigung\" data-e-action-hash=\"#elementor-action%3Aaction%3Dlightbox%26settings%3DeyJpZCI6NDQzMywidXJsIjoiaHR0cHM6XC9cL3d3dy5zYW1zb24tcmVpbmlndW5nLmNoXC93cC1jb250ZW50XC91cGxvYWRzXC8yMDIyXC8xMFwvYnVlcm9yZWluaWd1bmcuanBnIn0%3D\">\n\t\t\t\t\t\t\t<img fetchpriority=\"high\" decoding=\"async\" width=\"800\" height=\"533\" src=\"https:\/\/www.samson-reinigung.ch\/wp-content\/uploads\/2022\/10\/bueroreinigung.jpg\" class=\"attachment-large size-large wp-image-4433\" alt=\"\" srcset=\"https:\/\/www.samson-reinigung.ch\/wp-content\/uploads\/2022\/10\/bueroreinigung.jpg 900w, https:\/\/www.samson-reinigung.ch\/wp-content\/uploads\/2022\/10\/bueroreinigung-300x200.jpg 300w, https:\/\/www.samson-reinigung.ch\/wp-content\/uploads\/2022\/10\/bueroreinigung-768x512.jpg 768w, https:\/\/www.samson-reinigung.ch\/wp-content\/uploads\/2022\/10\/bueroreinigung-18x12.jpg 18w\" sizes=\"(max-width: 800px) 100vw, 800px\" \/>\t\t\t\t\t\t\t\t<\/a>\n\t\t\t\t\t\t\t\t\t\t\t\t\t<\/div>\n\t\t\t\t<\/div>\n\t\t\t\t\t<\/div>\n\t\t<\/div>\n\t\t\t\t<div class=\"elementor-column elementor-col-50 elementor-top-column elementor-element elementor-element-d4424\" data-id=\"d4424\" data-element_type=\"column\">\n\t\t\t<div class=\"elementor-widget-wrap elementor-element-populated\">\n\t\t\t\t\t\t<div class=\"elementor-element elementor-element-62d39392 elementor-widget elementor-widget-heading\" data-id=\"62d39392\" data-element_type=\"widget\" data-widget_type=\"heading.default\">\n\t\t\t\t<div class=\"elementor-widget-container\">\n\t\t\t<h2 class=\"elementor-heading-title elementor-size-default\">Dienstleistung - Ihr Mehrwert<\/h2>\t\t<\/div>\n\t\t\t\t<\/div>\n\t\t\t\t<div class=\"elementor-element elementor-element-7dedab42 elementor-widget elementor-widget-text-editor\" data-id=\"7dedab42\" data-element_type=\"widget\" data-widget_type=\"text-editor.default\">\n\t\t\t\t<div class=\"elementor-widget-container\">\n\t\t\t\t\t\t\t<ul><li>Qualit\u00e4tsmanagement f\u00fcr B\u00fcroreinigung<\/li><li>professionelle Reinigungsmittel und -Ger\u00e4tschaften f\u00fcr verschiedene Materialien, immer die richtigen Reinigungs- und Pflegeprodukte<\/li><li>Kundenw\u00fcnsche werden individuell beachtet<\/li><li>in unserem Betrieb wird nach dem Vierfarbensystem gearbeitet<\/li><li>einheitliche Reinigungsstandards<\/li><\/ul><p><br \/>Um dieses zu sichern reinigen wir Ihre B\u00fcror\u00e4ume nach strengsten Hygienevorschriften, um\u00a0den Wert Ihres Inventars zu erhalten. Gerade in B\u00fcros ist es wichtig, dass alles gepflegt und\u00a0ordentlich ist. Wir k\u00f6nnen Ihnen eine auf Sie zugeschnittene Dienstleistung anbieten, die es\u00a0Ihnen erlaubt wertvolle Zeit zu sparen und daf\u00fcr sorgen, dass sich Ihre Kunden wohl f\u00fchlen.<\/p>\t\t\t\t\t\t<\/div>\n\t\t\t\t<\/div>\n\t\t\t\t\t<\/div>\n\t\t<\/div>\n\t\t\t\t\t<\/div>\n\t\t<\/section>\n\t\t\t\t<section class=\"elementor-section elementor-top-section elementor-element elementor-element-5e862d3 elementor-section-boxed elementor-section-height-default elementor-section-height-default\" data-id=\"5e862d3\" data-element_type=\"section\" data-settings=\"{&quot;jet_parallax_layout_list&quot;:[]}\">\n\t\t\t\t\t\t<div class=\"elementor-container elementor-column-gap-default\">\n\t\t\t\t\t<div class=\"elementor-column elementor-col-100 elementor-top-column elementor-element elementor-element-8f056d5\" data-id=\"8f056d5\" data-element_type=\"column\">\n\t\t\t<div class=\"elementor-widget-wrap elementor-element-populated\">\n\t\t\t\t\t\t<div class=\"elementor-element elementor-element-25d862f elementor-widget elementor-widget-text-editor\" data-id=\"25d862f\" data-element_type=\"widget\" data-widget_type=\"text-editor.default\">\n\t\t\t\t<div class=\"elementor-widget-container\">\n\t\t\t\t\t\t\t<p>\nWir reinigen nicht nur ihre B\u00f6den professionell, auch Ihr Inventar wie Kopierer, Monitore, PCs und Telefone werden mit der gleichen Gr\u00fcndlichkeit und Sorgfalt gereinigt. Ihre Mitarbeiter sollen sich im B\u00fcro genauso wohl f\u00fchlen wie zu Hause. Denn nur wenn Sie zufrieden sind, sind wir es auch. Wenn Sie es W\u00fcnschen reinigen wir auch Ihre WCs und Ihre Teek\u00fcche. Denn wir sind zuverl\u00e4ssig, schnell und garantiert sauber. F\u00fcr ein gutes&nbsp;Erscheinungsbild ist es wichtig, dass es immer und zu jeder Zeit sauber ist.<\/p>\n<p>Ihre Kunden und Gesch\u00e4ftspartner sollen sich wohl f\u00fchlen in der Zeit, wo sie bei Ihnen zu Gast sind. Auch die Einhaltung des Datenschutzes ist f\u00fcr uns ein grosses Anliegen \u2013 wir arbeiten diskret und mit Verantwortung. Wir achten auf h\u00f6chste Qualit\u00e4tsstandards und beraten jeden unserer Kunden individuell, dabei gehen wir genau auf Ihre W\u00fcnsche ein.<\/p>\n<p>Ihre Arbeitsr\u00e4ume sind Ihre Visitenkarte! Professionell reinigen wir Ihre R\u00e4umlichkeiten, und Gesch\u00e4ftsgeb\u00e4ude. Der Datenschutz ist wie gesagt f\u00fcr uns sehr wichtig, nichts dringt aus Ihren R\u00e4umlichkeiten nach aussen, das garantieren wir.<\/p>\t\t\t\t\t\t<\/div>\n\t\t\t\t<\/div>\n\t\t\t\t<section class=\"elementor-section elementor-inner-section elementor-element elementor-element-7bebbee elementor-section-boxed elementor-section-height-default elementor-section-height-default\" data-id=\"7bebbee\" data-element_type=\"section\" data-settings=\"{&quot;jet_parallax_layout_list&quot;:[]}\">\n\t\t\t\t\t\t<div class=\"elementor-container elementor-column-gap-default\">\n\t\t\t\t\t<div class=\"elementor-column elementor-col-50 elementor-inner-column elementor-element elementor-element-6c766cf\" data-id=\"6c766cf\" data-element_type=\"column\">\n\t\t\t<div class=\"elementor-widget-wrap elementor-element-populated\">\n\t\t\t\t\t\t<div class=\"elementor-element elementor-element-e7a2e7e elementor-mobile-align-center elementor-widget elementor-widget-button\" data-id=\"e7a2e7e\" data-element_type=\"widget\" data-widget_type=\"button.default\">\n\t\t\t\t<div class=\"elementor-widget-container\">\n\t\t\t\t\t<div class=\"elementor-button-wrapper\">\n\t\t\t<a class=\"elementor-button elementor-button-link elementor-size-sm\" href=\"https:\/\/www.samson-reinigung.ch\/en\/contact\/\">\n\t\t\t\t\t\t<span class=\"elementor-button-content-wrapper\">\n\t\t\t\t\t\t<span class=\"elementor-button-text\">Beratung | Kontakt<\/span>\n\t\t<\/span>\n\t\t\t\t\t<\/a>\n\t\t<\/div>\n\t\t\t\t<\/div>\n\t\t\t\t<\/div>\n\t\t\t\t\t<\/div>\n\t\t<\/div>\n\t\t\t\t<div class=\"elementor-column elementor-col-50 elementor-inner-column elementor-element elementor-element-c77f389\" data-id=\"c77f389\" data-element_type=\"column\">\n\t\t\t<div class=\"elementor-widget-wrap elementor-element-populated\">\n\t\t\t\t\t\t<div class=\"elementor-element elementor-element-c0ec29c elementor-mobile-align-center elementor-widget elementor-widget-button\" data-id=\"c0ec29c\" data-element_type=\"widget\" data-widget_type=\"button.default\">\n\t\t\t\t<div class=\"elementor-widget-container\">\n\t\t\t\t\t<div class=\"elementor-button-wrapper\">\n\t\t\t<a class=\"elementor-button elementor-button-link elementor-size-sm\" href=\"https:\/\/www.samson-reinigung.ch\/en\/reinigung\/\">\n\t\t\t\t\t\t<span class=\"elementor-button-content-wrapper\">\n\t\t\t\t\t\t<span class=\"elementor-button-text\">back<\/span>\n\t\t<\/span>\n\t\t\t\t\t<\/a>\n\t\t<\/div>\n\t\t\t\t<\/div>\n\t\t\t\t<\/div>\n\t\t\t\t\t<\/div>\n\t\t<\/div>\n\t\t\t\t\t<\/div>\n\t\t<\/section>\n\t\t\t\t\t<\/div>\n\t\t<\/div>\n\t\t\t\t\t<\/div>\n\t\t<\/section>\n\t\t\t\t<\/div>","protected":false},"excerpt":{"rendered":"<p>Dienstleistung &#8211; Ihr Mehrwert Qualit\u00e4tsmanagement f\u00fcr B\u00fcroreinigung professionelle Reinigungsmittel und -Ger\u00e4tschaften f\u00fcr verschiedene Materialien, immer die richtigen Reinigungs- und Pflegeprodukte Kundenw\u00fcnsche werden individuell beachtet in unserem Betrieb wird nach dem Vierfarbensystem gearbeitet einheitliche Reinigungsstandards Um dieses zu sichern reinigen wir Ihre B\u00fcror\u00e4ume nach strengsten Hygienevorschriften, um\u00a0den Wert Ihres Inventars zu erhalten. Gerade in B\u00fcros ist [&hellip;]<\/p>","protected":false},"author":1,"featured_media":0,"parent":0,"menu_order":0,"comment_status":"closed","ping_status":"closed","template":"","meta":{"footnotes":""},"_links":{"self":[{"href":"https:\/\/www.samson-reinigung.ch\/en\/wp-json\/wp\/v2\/pages\/4431"}],"collection":[{"href":"https:\/\/www.samson-reinigung.ch\/en\/wp-json\/wp\/v2\/pages"}],"about":[{"href":"https:\/\/www.samson-reinigung.ch\/en\/wp-json\/wp\/v2\/types\/page"}],"author":[{"embeddable":true,"href":"https:\/\/www.samson-reinigung.ch\/en\/wp-json\/wp\/v2\/users\/1"}],"replies":[{"embeddable":true,"href":"https:\/\/www.samson-reinigung.ch\/en\/wp-json\/wp\/v2\/comments?post=4431"}],"version-history":[{"count":7,"href":"https:\/\/www.samson-reinigung.ch\/en\/wp-json\/wp\/v2\/pages\/4431\/revisions"}],"predecessor-version":[{"id":4624,"href":"https:\/\/www.samson-reinigung.ch\/en\/wp-json\/wp\/v2\/pages\/4431\/revisions\/4624"}],"wp:attachment":[{"href":"https:\/\/www.samson-reinigung.ch\/en\/wp-json\/wp\/v2\/media?parent=4431"}],"curies":[{"name":"wp","href":"https:\/\/api.w.org\/{rel}","templated":true}]}}