{"id":4419,"date":"2022-10-24T14:56:58","date_gmt":"2022-10-24T14:56:58","guid":{"rendered":"https:\/\/www.samson-reinigung.ch\/?page_id=4419"},"modified":"2022-10-25T10:13:44","modified_gmt":"2022-10-25T10:13:44","slug":"glas-und-fensterreinigung","status":"publish","type":"page","link":"https:\/\/www.samson-reinigung.ch\/en\/glas-und-fensterreinigung\/","title":{"rendered":"Glas- und Fensterreinigung"},"content":{"rendered":"<div data-elementor-type=\"wp-page\" data-elementor-id=\"4419\" class=\"elementor elementor-4419\" data-elementor-post-type=\"page\">\n\t\t\t\t\t\t<section class=\"elementor-section elementor-top-section elementor-element elementor-element-5b4911ae elementor-section-full_width elementor-section-height-min-height elementor-section-height-default elementor-section-items-middle\" data-id=\"5b4911ae\" data-element_type=\"section\" id=\"slider_hide1\" data-settings=\"{&quot;jet_parallax_layout_list&quot;:[{&quot;_id&quot;:&quot;5aba94&quot;,&quot;jet_parallax_layout_image&quot;:{&quot;url&quot;:&quot;&quot;,&quot;id&quot;:&quot;&quot;,&quot;size&quot;:&quot;&quot;},&quot;jet_parallax_layout_image_tablet&quot;:{&quot;url&quot;:&quot;&quot;,&quot;id&quot;:&quot;&quot;,&quot;size&quot;:&quot;&quot;},&quot;jet_parallax_layout_image_mobile&quot;:{&quot;url&quot;:&quot;&quot;,&quot;id&quot;:&quot;&quot;,&quot;size&quot;:&quot;&quot;},&quot;jet_parallax_layout_speed&quot;:{&quot;unit&quot;:&quot;%&quot;,&quot;size&quot;:50,&quot;sizes&quot;:[]},&quot;jet_parallax_layout_type&quot;:&quot;scroll&quot;,&quot;jet_parallax_layout_direction&quot;:null,&quot;jet_parallax_layout_fx_direction&quot;:null,&quot;jet_parallax_layout_z_index&quot;:&quot;&quot;,&quot;jet_parallax_layout_bg_x&quot;:50,&quot;jet_parallax_layout_bg_x_tablet&quot;:&quot;&quot;,&quot;jet_parallax_layout_bg_x_mobile&quot;:&quot;&quot;,&quot;jet_parallax_layout_bg_y&quot;:50,&quot;jet_parallax_layout_bg_y_tablet&quot;:&quot;&quot;,&quot;jet_parallax_layout_bg_y_mobile&quot;:&quot;&quot;,&quot;jet_parallax_layout_bg_size&quot;:&quot;auto&quot;,&quot;jet_parallax_layout_bg_size_tablet&quot;:&quot;&quot;,&quot;jet_parallax_layout_bg_size_mobile&quot;:&quot;&quot;,&quot;jet_parallax_layout_animation_prop&quot;:&quot;transform&quot;,&quot;jet_parallax_layout_on&quot;:[&quot;desktop&quot;,&quot;tablet&quot;]}],&quot;background_background&quot;:&quot;classic&quot;}\">\n\t\t\t\t\t\t\t<div class=\"elementor-background-overlay\"><\/div>\n\t\t\t\t\t\t\t<div class=\"elementor-container elementor-column-gap-default\">\n\t\t\t\t\t<div class=\"elementor-column elementor-col-100 elementor-top-column elementor-element elementor-element-b363df6\" data-id=\"b363df6\" data-element_type=\"column\">\n\t\t\t<div class=\"elementor-widget-wrap elementor-element-populated\">\n\t\t\t\t\t\t<div class=\"elementor-element elementor-element-5d24bfe1 elementor-widget elementor-widget-heading\" data-id=\"5d24bfe1\" data-element_type=\"widget\" data-widget_type=\"heading.default\">\n\t\t\t\t<div class=\"elementor-widget-container\">\n\t\t\t<h2 class=\"elementor-heading-title elementor-size-default\">Glas- und Fensterreinigung<\/h2>\t\t<\/div>\n\t\t\t\t<\/div>\n\t\t\t\t\t<\/div>\n\t\t<\/div>\n\t\t\t\t\t<\/div>\n\t\t<\/section>\n\t\t\t\t<section class=\"elementor-section elementor-top-section elementor-element elementor-element-6585e473 elementor-section-boxed elementor-section-height-default elementor-section-height-default\" data-id=\"6585e473\" data-element_type=\"section\" data-settings=\"{&quot;jet_parallax_layout_list&quot;:[{&quot;jet_parallax_layout_image&quot;:{&quot;url&quot;:&quot;&quot;,&quot;id&quot;:&quot;&quot;,&quot;size&quot;:&quot;&quot;},&quot;_id&quot;:&quot;6db8c45&quot;,&quot;jet_parallax_layout_image_tablet&quot;:{&quot;url&quot;:&quot;&quot;,&quot;id&quot;:&quot;&quot;,&quot;size&quot;:&quot;&quot;},&quot;jet_parallax_layout_image_mobile&quot;:{&quot;url&quot;:&quot;&quot;,&quot;id&quot;:&quot;&quot;,&quot;size&quot;:&quot;&quot;},&quot;jet_parallax_layout_speed&quot;:{&quot;unit&quot;:&quot;%&quot;,&quot;size&quot;:50,&quot;sizes&quot;:[]},&quot;jet_parallax_layout_type&quot;:&quot;scroll&quot;,&quot;jet_parallax_layout_direction&quot;:null,&quot;jet_parallax_layout_fx_direction&quot;:null,&quot;jet_parallax_layout_z_index&quot;:&quot;&quot;,&quot;jet_parallax_layout_bg_x&quot;:50,&quot;jet_parallax_layout_bg_x_tablet&quot;:&quot;&quot;,&quot;jet_parallax_layout_bg_x_mobile&quot;:&quot;&quot;,&quot;jet_parallax_layout_bg_y&quot;:50,&quot;jet_parallax_layout_bg_y_tablet&quot;:&quot;&quot;,&quot;jet_parallax_layout_bg_y_mobile&quot;:&quot;&quot;,&quot;jet_parallax_layout_bg_size&quot;:&quot;auto&quot;,&quot;jet_parallax_layout_bg_size_tablet&quot;:&quot;&quot;,&quot;jet_parallax_layout_bg_size_mobile&quot;:&quot;&quot;,&quot;jet_parallax_layout_animation_prop&quot;:&quot;transform&quot;,&quot;jet_parallax_layout_on&quot;:[&quot;desktop&quot;,&quot;tablet&quot;]}]}\">\n\t\t\t\t\t\t<div class=\"elementor-container elementor-column-gap-default\">\n\t\t\t\t\t<div class=\"elementor-column elementor-col-50 elementor-top-column elementor-element elementor-element-5c7ffd0a\" data-id=\"5c7ffd0a\" data-element_type=\"column\">\n\t\t\t<div class=\"elementor-widget-wrap elementor-element-populated\">\n\t\t\t\t\t\t<div class=\"elementor-element elementor-element-339d13f elementor-widget elementor-widget-image\" data-id=\"339d13f\" data-element_type=\"widget\" data-widget_type=\"image.default\">\n\t\t\t\t<div class=\"elementor-widget-container\">\n\t\t\t\t\t\t\t\t\t\t\t\t\t\t<a href=\"https:\/\/www.samson-reinigung.ch\/wp-content\/uploads\/2022\/10\/fensterreinigung.jpg\" data-elementor-open-lightbox=\"yes\" data-elementor-lightbox-title=\"fensterreinigung\" data-e-action-hash=\"#elementor-action%3Aaction%3Dlightbox%26settings%3DeyJpZCI6NDQyMSwidXJsIjoiaHR0cHM6XC9cL3d3dy5zYW1zb24tcmVpbmlndW5nLmNoXC93cC1jb250ZW50XC91cGxvYWRzXC8yMDIyXC8xMFwvZmVuc3RlcnJlaW5pZ3VuZy5qcGcifQ%3D%3D\">\n\t\t\t\t\t\t\t<img fetchpriority=\"high\" decoding=\"async\" width=\"800\" height=\"572\" src=\"https:\/\/www.samson-reinigung.ch\/wp-content\/uploads\/2022\/10\/fensterreinigung.jpg\" class=\"attachment-large size-large wp-image-4421\" alt=\"\" srcset=\"https:\/\/www.samson-reinigung.ch\/wp-content\/uploads\/2022\/10\/fensterreinigung.jpg 900w, https:\/\/www.samson-reinigung.ch\/wp-content\/uploads\/2022\/10\/fensterreinigung-300x214.jpg 300w, https:\/\/www.samson-reinigung.ch\/wp-content\/uploads\/2022\/10\/fensterreinigung-768x549.jpg 768w, https:\/\/www.samson-reinigung.ch\/wp-content\/uploads\/2022\/10\/fensterreinigung-18x12.jpg 18w\" sizes=\"(max-width: 800px) 100vw, 800px\" \/>\t\t\t\t\t\t\t\t<\/a>\n\t\t\t\t\t\t\t\t\t\t\t\t\t<\/div>\n\t\t\t\t<\/div>\n\t\t\t\t\t<\/div>\n\t\t<\/div>\n\t\t\t\t<div class=\"elementor-column elementor-col-50 elementor-top-column elementor-element elementor-element-7ec29af1\" data-id=\"7ec29af1\" data-element_type=\"column\">\n\t\t\t<div class=\"elementor-widget-wrap elementor-element-populated\">\n\t\t\t\t\t\t<div class=\"elementor-element elementor-element-28afdf1 elementor-widget elementor-widget-heading\" data-id=\"28afdf1\" data-element_type=\"widget\" data-widget_type=\"heading.default\">\n\t\t\t\t<div class=\"elementor-widget-container\">\n\t\t\t<h2 class=\"elementor-heading-title elementor-size-default\">Dienstleistung - Ihr Mehrwert<\/h2>\t\t<\/div>\n\t\t\t\t<\/div>\n\t\t\t\t<div class=\"elementor-element elementor-element-40484515 elementor-widget elementor-widget-text-editor\" data-id=\"40484515\" data-element_type=\"widget\" data-widget_type=\"text-editor.default\">\n\t\t\t\t<div class=\"elementor-widget-container\">\n\t\t\t\t\t\t\t<ul><li>Qualit\u00e4tsmanagement f\u00fcr Treppenhaus- und<br \/>Geb\u00e4udereinigung<\/li><li>professionelle Reinigungsmittel und -Ger\u00e4tschaften<\/li><li>f\u00fcr verschiedene Materialien, immer die richtigen Reinigungs- und Pflegeprodukte<\/li><li>Kundenw\u00fcnsche werden individuell beachtet<\/li><li>in unserem Betrieb wird nach dem Vierfarbensystem gearbeitet<\/li><li>einheitliche Reinigungsstandards<\/li><li>Dachfenster<\/li><\/ul><ul><li>Fenster und Rahmen innen\/aussen<\/li><li>Fensterb\u00e4nke<\/li><li>Storen<\/li><li>Winterg\u00e4rten<\/li><\/ul><p>\u00a0<\/p>\t\t\t\t\t\t<\/div>\n\t\t\t\t<\/div>\n\t\t\t\t\t<\/div>\n\t\t<\/div>\n\t\t\t\t\t<\/div>\n\t\t<\/section>\n\t\t\t\t<section class=\"elementor-section elementor-top-section elementor-element elementor-element-e411ca7 elementor-section-boxed elementor-section-height-default elementor-section-height-default\" data-id=\"e411ca7\" data-element_type=\"section\" data-settings=\"{&quot;jet_parallax_layout_list&quot;:[]}\">\n\t\t\t\t\t\t<div class=\"elementor-container elementor-column-gap-default\">\n\t\t\t\t\t<div class=\"elementor-column elementor-col-100 elementor-top-column elementor-element elementor-element-24341d6\" data-id=\"24341d6\" data-element_type=\"column\">\n\t\t\t<div class=\"elementor-widget-wrap elementor-element-populated\">\n\t\t\t\t\t\t<div class=\"elementor-element elementor-element-0471dd3 elementor-widget elementor-widget-text-editor\" data-id=\"0471dd3\" data-element_type=\"widget\" data-widget_type=\"text-editor.default\">\n\t\t\t\t<div class=\"elementor-widget-container\">\n\t\t\t\t\t\t\t<p>Die Ausf\u00fchrung einer Fensterreinigung erfolgt in der Regel zwei Mal im Jahr- das geschieht meistens im Fr\u00fchling und im Herbst. Wenn Sie es W\u00fcnschen reinigen wir Ihre Fenster einmalig oder in regelm\u00e4ssigen Abst\u00e4nden.<\/p><p>Wenn Sie Interesse an Dienstleistung von Samson Reinigung haben, fordern Sie eine unverbindliche Offerte an, mit unserem Kontaktformular.<\/p><p>Wir bieten keine Glas-Fenster Reinigungen, welche mit Hebeb\u00fchne von aussen gemacht werden, m\u00fcsste.<\/p>\t\t\t\t\t\t<\/div>\n\t\t\t\t<\/div>\n\t\t\t\t<section class=\"elementor-section elementor-inner-section elementor-element elementor-element-ef088d5 elementor-section-boxed elementor-section-height-default elementor-section-height-default\" data-id=\"ef088d5\" data-element_type=\"section\" data-settings=\"{&quot;jet_parallax_layout_list&quot;:[]}\">\n\t\t\t\t\t\t<div class=\"elementor-container elementor-column-gap-default\">\n\t\t\t\t\t<div class=\"elementor-column elementor-col-50 elementor-inner-column elementor-element elementor-element-b3338d6\" data-id=\"b3338d6\" data-element_type=\"column\">\n\t\t\t<div class=\"elementor-widget-wrap elementor-element-populated\">\n\t\t\t\t\t\t<div class=\"elementor-element elementor-element-24fcc6f elementor-mobile-align-center elementor-widget elementor-widget-button\" data-id=\"24fcc6f\" data-element_type=\"widget\" data-widget_type=\"button.default\">\n\t\t\t\t<div class=\"elementor-widget-container\">\n\t\t\t\t\t<div class=\"elementor-button-wrapper\">\n\t\t\t<a class=\"elementor-button elementor-button-link elementor-size-sm\" href=\"https:\/\/www.samson-reinigung.ch\/en\/contact\/\">\n\t\t\t\t\t\t<span class=\"elementor-button-content-wrapper\">\n\t\t\t\t\t\t<span class=\"elementor-button-text\">Beratung | Kontakt<\/span>\n\t\t<\/span>\n\t\t\t\t\t<\/a>\n\t\t<\/div>\n\t\t\t\t<\/div>\n\t\t\t\t<\/div>\n\t\t\t\t\t<\/div>\n\t\t<\/div>\n\t\t\t\t<div class=\"elementor-column elementor-col-50 elementor-inner-column elementor-element elementor-element-adcd8e7\" data-id=\"adcd8e7\" data-element_type=\"column\">\n\t\t\t<div class=\"elementor-widget-wrap elementor-element-populated\">\n\t\t\t\t\t\t<div class=\"elementor-element elementor-element-c203d69 elementor-mobile-align-center elementor-widget elementor-widget-button\" data-id=\"c203d69\" data-element_type=\"widget\" data-widget_type=\"button.default\">\n\t\t\t\t<div class=\"elementor-widget-container\">\n\t\t\t\t\t<div class=\"elementor-button-wrapper\">\n\t\t\t<a class=\"elementor-button elementor-button-link elementor-size-sm\" href=\"https:\/\/www.samson-reinigung.ch\/en\/reinigung\/\">\n\t\t\t\t\t\t<span class=\"elementor-button-content-wrapper\">\n\t\t\t\t\t\t<span class=\"elementor-button-text\">back<\/span>\n\t\t<\/span>\n\t\t\t\t\t<\/a>\n\t\t<\/div>\n\t\t\t\t<\/div>\n\t\t\t\t<\/div>\n\t\t\t\t\t<\/div>\n\t\t<\/div>\n\t\t\t\t\t<\/div>\n\t\t<\/section>\n\t\t\t\t\t<\/div>\n\t\t<\/div>\n\t\t\t\t\t<\/div>\n\t\t<\/section>\n\t\t\t\t<\/div>","protected":false},"excerpt":{"rendered":"<p>Dienstleistung &#8211; Ihr Mehrwert Qualit\u00e4tsmanagement f\u00fcr Treppenhaus- undGeb\u00e4udereinigung professionelle Reinigungsmittel und -Ger\u00e4tschaften f\u00fcr verschiedene Materialien, immer die richtigen Reinigungs- und Pflegeprodukte Kundenw\u00fcnsche werden individuell beachtet in unserem Betrieb wird nach dem Vierfarbensystem gearbeitet einheitliche Reinigungsstandards Dachfenster Fenster und Rahmen innen\/aussen Fensterb\u00e4nke Storen Winterg\u00e4rten \u00a0 Die Ausf\u00fchrung einer Fensterreinigung erfolgt in der Regel zwei Mal im [&hellip;]<\/p>","protected":false},"author":1,"featured_media":0,"parent":0,"menu_order":0,"comment_status":"closed","ping_status":"closed","template":"","meta":{"footnotes":""},"_links":{"self":[{"href":"https:\/\/www.samson-reinigung.ch\/en\/wp-json\/wp\/v2\/pages\/4419"}],"collection":[{"href":"https:\/\/www.samson-reinigung.ch\/en\/wp-json\/wp\/v2\/pages"}],"about":[{"href":"https:\/\/www.samson-reinigung.ch\/en\/wp-json\/wp\/v2\/types\/page"}],"author":[{"embeddable":true,"href":"https:\/\/www.samson-reinigung.ch\/en\/wp-json\/wp\/v2\/users\/1"}],"replies":[{"embeddable":true,"href":"https:\/\/www.samson-reinigung.ch\/en\/wp-json\/wp\/v2\/comments?post=4419"}],"version-history":[{"count":10,"href":"https:\/\/www.samson-reinigung.ch\/en\/wp-json\/wp\/v2\/pages\/4419\/revisions"}],"predecessor-version":[{"id":4618,"href":"https:\/\/www.samson-reinigung.ch\/en\/wp-json\/wp\/v2\/pages\/4419\/revisions\/4618"}],"wp:attachment":[{"href":"https:\/\/www.samson-reinigung.ch\/en\/wp-json\/wp\/v2\/media?parent=4419"}],"curies":[{"name":"wp","href":"https:\/\/api.w.org\/{rel}","templated":true}]}}