{"id":4425,"date":"2022-10-24T15:04:15","date_gmt":"2022-10-24T15:04:15","guid":{"rendered":"https:\/\/www.samson-reinigung.ch\/?page_id=4425"},"modified":"2022-10-25T10:14:28","modified_gmt":"2022-10-25T10:14:28","slug":"umzugreinigung-mit-uebergabegarantie","status":"publish","type":"page","link":"https:\/\/www.samson-reinigung.ch\/de\/umzugreinigung-mit-uebergabegarantie\/","title":{"rendered":"Umzugreinigung mit \u00dcbergabegarantie"},"content":{"rendered":"\t\t<div data-elementor-type=\"wp-page\" data-elementor-id=\"4425\" class=\"elementor elementor-4425\" data-elementor-post-type=\"page\">\n\t\t\t\t\t\t<section class=\"elementor-section elementor-top-section elementor-element elementor-element-6e4c34c9 elementor-section-full_width elementor-section-height-min-height elementor-section-height-default elementor-section-items-middle\" data-id=\"6e4c34c9\" data-element_type=\"section\" id=\"slider_hide1\" data-settings=\"{&quot;jet_parallax_layout_list&quot;:[{&quot;_id&quot;:&quot;5aba94&quot;,&quot;jet_parallax_layout_image&quot;:{&quot;url&quot;:&quot;&quot;,&quot;id&quot;:&quot;&quot;,&quot;size&quot;:&quot;&quot;},&quot;jet_parallax_layout_image_tablet&quot;:{&quot;url&quot;:&quot;&quot;,&quot;id&quot;:&quot;&quot;,&quot;size&quot;:&quot;&quot;},&quot;jet_parallax_layout_image_mobile&quot;:{&quot;url&quot;:&quot;&quot;,&quot;id&quot;:&quot;&quot;,&quot;size&quot;:&quot;&quot;},&quot;jet_parallax_layout_speed&quot;:{&quot;unit&quot;:&quot;%&quot;,&quot;size&quot;:50,&quot;sizes&quot;:[]},&quot;jet_parallax_layout_type&quot;:&quot;scroll&quot;,&quot;jet_parallax_layout_direction&quot;:null,&quot;jet_parallax_layout_fx_direction&quot;:null,&quot;jet_parallax_layout_z_index&quot;:&quot;&quot;,&quot;jet_parallax_layout_bg_x&quot;:50,&quot;jet_parallax_layout_bg_x_tablet&quot;:&quot;&quot;,&quot;jet_parallax_layout_bg_x_mobile&quot;:&quot;&quot;,&quot;jet_parallax_layout_bg_y&quot;:50,&quot;jet_parallax_layout_bg_y_tablet&quot;:&quot;&quot;,&quot;jet_parallax_layout_bg_y_mobile&quot;:&quot;&quot;,&quot;jet_parallax_layout_bg_size&quot;:&quot;auto&quot;,&quot;jet_parallax_layout_bg_size_tablet&quot;:&quot;&quot;,&quot;jet_parallax_layout_bg_size_mobile&quot;:&quot;&quot;,&quot;jet_parallax_layout_animation_prop&quot;:&quot;transform&quot;,&quot;jet_parallax_layout_on&quot;:[&quot;desktop&quot;,&quot;tablet&quot;]}],&quot;background_background&quot;:&quot;classic&quot;}\">\n\t\t\t\t\t\t\t<div class=\"elementor-background-overlay\"><\/div>\n\t\t\t\t\t\t\t<div class=\"elementor-container elementor-column-gap-default\">\n\t\t\t\t\t<div class=\"elementor-column elementor-col-100 elementor-top-column elementor-element elementor-element-72028222\" data-id=\"72028222\" data-element_type=\"column\">\n\t\t\t<div class=\"elementor-widget-wrap elementor-element-populated\">\n\t\t\t\t\t\t<div class=\"elementor-element elementor-element-7c75083f elementor-widget elementor-widget-heading\" data-id=\"7c75083f\" data-element_type=\"widget\" data-widget_type=\"heading.default\">\n\t\t\t\t<div class=\"elementor-widget-container\">\n\t\t\t<h2 class=\"elementor-heading-title elementor-size-default\">Umzugreinigung mit \u00dcbergabegarantie<\/h2>\t\t<\/div>\n\t\t\t\t<\/div>\n\t\t\t\t\t<\/div>\n\t\t<\/div>\n\t\t\t\t\t<\/div>\n\t\t<\/section>\n\t\t\t\t<section class=\"elementor-section elementor-top-section elementor-element elementor-element-6481d0af elementor-section-boxed elementor-section-height-default elementor-section-height-default\" data-id=\"6481d0af\" data-element_type=\"section\" data-settings=\"{&quot;jet_parallax_layout_list&quot;:[{&quot;jet_parallax_layout_image&quot;:{&quot;url&quot;:&quot;&quot;,&quot;id&quot;:&quot;&quot;,&quot;size&quot;:&quot;&quot;},&quot;_id&quot;:&quot;6db8c45&quot;,&quot;jet_parallax_layout_image_tablet&quot;:{&quot;url&quot;:&quot;&quot;,&quot;id&quot;:&quot;&quot;,&quot;size&quot;:&quot;&quot;},&quot;jet_parallax_layout_image_mobile&quot;:{&quot;url&quot;:&quot;&quot;,&quot;id&quot;:&quot;&quot;,&quot;size&quot;:&quot;&quot;},&quot;jet_parallax_layout_speed&quot;:{&quot;unit&quot;:&quot;%&quot;,&quot;size&quot;:50,&quot;sizes&quot;:[]},&quot;jet_parallax_layout_type&quot;:&quot;scroll&quot;,&quot;jet_parallax_layout_direction&quot;:null,&quot;jet_parallax_layout_fx_direction&quot;:null,&quot;jet_parallax_layout_z_index&quot;:&quot;&quot;,&quot;jet_parallax_layout_bg_x&quot;:50,&quot;jet_parallax_layout_bg_x_tablet&quot;:&quot;&quot;,&quot;jet_parallax_layout_bg_x_mobile&quot;:&quot;&quot;,&quot;jet_parallax_layout_bg_y&quot;:50,&quot;jet_parallax_layout_bg_y_tablet&quot;:&quot;&quot;,&quot;jet_parallax_layout_bg_y_mobile&quot;:&quot;&quot;,&quot;jet_parallax_layout_bg_size&quot;:&quot;auto&quot;,&quot;jet_parallax_layout_bg_size_tablet&quot;:&quot;&quot;,&quot;jet_parallax_layout_bg_size_mobile&quot;:&quot;&quot;,&quot;jet_parallax_layout_animation_prop&quot;:&quot;transform&quot;,&quot;jet_parallax_layout_on&quot;:[&quot;desktop&quot;,&quot;tablet&quot;]}]}\">\n\t\t\t\t\t\t<div class=\"elementor-container elementor-column-gap-default\">\n\t\t\t\t\t<div class=\"elementor-column elementor-col-50 elementor-top-column elementor-element elementor-element-321ec475\" data-id=\"321ec475\" data-element_type=\"column\">\n\t\t\t<div class=\"elementor-widget-wrap elementor-element-populated\">\n\t\t\t\t\t\t<div class=\"elementor-element elementor-element-2929dc42 elementor-widget elementor-widget-image\" data-id=\"2929dc42\" data-element_type=\"widget\" data-widget_type=\"image.default\">\n\t\t\t\t<div class=\"elementor-widget-container\">\n\t\t\t\t\t\t\t\t\t\t\t\t\t\t<a href=\"https:\/\/www.samson-reinigung.ch\/wp-content\/uploads\/2022\/10\/umzugsreinigung.jpg\" data-elementor-open-lightbox=\"yes\" data-elementor-lightbox-title=\"umzugsreinigung\" data-e-action-hash=\"#elementor-action%3Aaction%3Dlightbox%26settings%3DeyJpZCI6NDQyNywidXJsIjoiaHR0cHM6XC9cL3d3dy5zYW1zb24tcmVpbmlndW5nLmNoXC93cC1jb250ZW50XC91cGxvYWRzXC8yMDIyXC8xMFwvdW16dWdzcmVpbmlndW5nLmpwZyJ9\">\n\t\t\t\t\t\t\t<img fetchpriority=\"high\" decoding=\"async\" width=\"800\" height=\"533\" src=\"https:\/\/www.samson-reinigung.ch\/wp-content\/uploads\/2022\/10\/umzugsreinigung.jpg\" class=\"attachment-large size-large wp-image-4427\" alt=\"\" srcset=\"https:\/\/www.samson-reinigung.ch\/wp-content\/uploads\/2022\/10\/umzugsreinigung.jpg 900w, https:\/\/www.samson-reinigung.ch\/wp-content\/uploads\/2022\/10\/umzugsreinigung-300x200.jpg 300w, https:\/\/www.samson-reinigung.ch\/wp-content\/uploads\/2022\/10\/umzugsreinigung-768x512.jpg 768w, https:\/\/www.samson-reinigung.ch\/wp-content\/uploads\/2022\/10\/umzugsreinigung-18x12.jpg 18w\" sizes=\"(max-width: 800px) 100vw, 800px\" \/>\t\t\t\t\t\t\t\t<\/a>\n\t\t\t\t\t\t\t\t\t\t\t\t\t<\/div>\n\t\t\t\t<\/div>\n\t\t\t\t\t<\/div>\n\t\t<\/div>\n\t\t\t\t<div class=\"elementor-column elementor-col-50 elementor-top-column elementor-element elementor-element-5d7135e3\" data-id=\"5d7135e3\" data-element_type=\"column\">\n\t\t\t<div class=\"elementor-widget-wrap elementor-element-populated\">\n\t\t\t\t\t\t<div class=\"elementor-element elementor-element-68c3e289 elementor-widget elementor-widget-heading\" data-id=\"68c3e289\" data-element_type=\"widget\" data-widget_type=\"heading.default\">\n\t\t\t\t<div class=\"elementor-widget-container\">\n\t\t\t<h2 class=\"elementor-heading-title elementor-size-default\">Dienstleistung - Ihr Mehrwert<\/h2>\t\t<\/div>\n\t\t\t\t<\/div>\n\t\t\t\t<div class=\"elementor-element elementor-element-3453fd6 elementor-widget elementor-widget-text-editor\" data-id=\"3453fd6\" data-element_type=\"widget\" data-widget_type=\"text-editor.default\">\n\t\t\t\t<div class=\"elementor-widget-container\">\n\t\t\t\t\t\t\t<p>Qualit\u00e4tsmanagement f\u00fcr Umzugsreinigung mit \u00dcbergabegarantie<\/p><ul><li>professionelle Reinigungsmittel und -Ger\u00e4tschaften<\/li><li>f\u00fcr verschiedene Materialien, immer die richtigen Reinigungs- und Pflegeprodukte<\/li><li>Kundenw\u00fcnsche werden individuell beachtet<\/li><li>in unserem Betrieb wird nach dem Vierfarbensystem gearbeitet<\/li><li>einheitliche Reinigungsstandards<\/li><\/ul><p><span style=\"color: var( --e-global-color-text ); font-family: var( --e-global-typography-text-font-family ), Sans-serif; font-size: 1rem;\"><br \/>Mieter untersch\u00e4tzen oft den zeitlichen Aufwand einer Umzugsreinigung &#8211; Endreinigung und wissen nicht genau in welchen Zustand Mietr\u00e4ume zu \u00dcbergeben sind. Es macht Sinn, durch\u00a0eine extern durchgef\u00fchrte Umzugsreinigung f\u00fcr hochwertige Sauberkeit zu gew\u00e4hrleisten\u00a0und Konflikten vorzubeugen.<\/span><\/p>\t\t\t\t\t\t<\/div>\n\t\t\t\t<\/div>\n\t\t\t\t\t<\/div>\n\t\t<\/div>\n\t\t\t\t\t<\/div>\n\t\t<\/section>\n\t\t\t\t<section class=\"elementor-section elementor-top-section elementor-element elementor-element-8b4c358 elementor-section-boxed elementor-section-height-default elementor-section-height-default\" data-id=\"8b4c358\" data-element_type=\"section\" data-settings=\"{&quot;jet_parallax_layout_list&quot;:[]}\">\n\t\t\t\t\t\t<div class=\"elementor-container elementor-column-gap-default\">\n\t\t\t\t\t<div class=\"elementor-column elementor-col-100 elementor-top-column elementor-element elementor-element-1772ed7\" data-id=\"1772ed7\" data-element_type=\"column\">\n\t\t\t<div class=\"elementor-widget-wrap elementor-element-populated\">\n\t\t\t\t\t\t<div class=\"elementor-element elementor-element-71e9f00 elementor-widget elementor-widget-text-editor\" data-id=\"71e9f00\" data-element_type=\"widget\" data-widget_type=\"text-editor.default\">\n\t\t\t\t<div class=\"elementor-widget-container\">\n\t\t\t\t\t\t\t<p>Mit Samson Reinigung haben Sie den richtigen Partner gefunden wir erledigen die Reinigung der Fenster, Storen, K\u00fcche bis hin zu den B\u00e4dern, mit unseren professionellen Mitarbeitern.<\/p><p>Auch wenn Sie Hausrat oder M\u00f6bel zu entsorgen haben oder einen Maler brauchen wir k\u00fcmmern uns drum. Wir sind selbstverst\u00e4ndlich bei der \u00dcbergabe mit anwesend, das garantiert eine stressfreie Abnahme. Sie werden keinen Stress und Sorgen mit dem alten Vermieter haben.<\/p><p>Wir reinigen f\u00fcr Sie nat\u00fcrlich auch nur einzelne Bereiche, wie z.B. K\u00fcchen, Fenster, B\u00f6den, Storen oder Badezimmer. Es gibt jedoch auf einzeln ausgef\u00fchrte Reinigungsarbeiten bei Umzugsreinigungen keine Abnahmegarantie. Fragen Sie uns am besten an, wir beraten Sie gerne.<\/p>\t\t\t\t\t\t<\/div>\n\t\t\t\t<\/div>\n\t\t\t\t<section class=\"elementor-section elementor-inner-section elementor-element elementor-element-22d7324 elementor-section-boxed elementor-section-height-default elementor-section-height-default\" data-id=\"22d7324\" data-element_type=\"section\" data-settings=\"{&quot;jet_parallax_layout_list&quot;:[]}\">\n\t\t\t\t\t\t<div class=\"elementor-container elementor-column-gap-default\">\n\t\t\t\t\t<div class=\"elementor-column elementor-col-50 elementor-inner-column elementor-element elementor-element-5499625\" data-id=\"5499625\" data-element_type=\"column\">\n\t\t\t<div class=\"elementor-widget-wrap elementor-element-populated\">\n\t\t\t\t\t\t<div class=\"elementor-element elementor-element-7c9c261 elementor-mobile-align-center elementor-widget elementor-widget-button\" data-id=\"7c9c261\" data-element_type=\"widget\" data-widget_type=\"button.default\">\n\t\t\t\t<div class=\"elementor-widget-container\">\n\t\t\t\t\t<div class=\"elementor-button-wrapper\">\n\t\t\t<a class=\"elementor-button elementor-button-link elementor-size-sm\" href=\"https:\/\/www.samson-reinigung.ch\/kontakt\/\">\n\t\t\t\t\t\t<span class=\"elementor-button-content-wrapper\">\n\t\t\t\t\t\t<span class=\"elementor-button-text\">Beratung | Kontakt<\/span>\n\t\t<\/span>\n\t\t\t\t\t<\/a>\n\t\t<\/div>\n\t\t\t\t<\/div>\n\t\t\t\t<\/div>\n\t\t\t\t\t<\/div>\n\t\t<\/div>\n\t\t\t\t<div class=\"elementor-column elementor-col-50 elementor-inner-column elementor-element elementor-element-8a84114\" data-id=\"8a84114\" data-element_type=\"column\">\n\t\t\t<div class=\"elementor-widget-wrap elementor-element-populated\">\n\t\t\t\t\t\t<div class=\"elementor-element elementor-element-0ccb1df elementor-mobile-align-center elementor-widget elementor-widget-button\" data-id=\"0ccb1df\" data-element_type=\"widget\" data-widget_type=\"button.default\">\n\t\t\t\t<div class=\"elementor-widget-container\">\n\t\t\t\t\t<div class=\"elementor-button-wrapper\">\n\t\t\t<a class=\"elementor-button elementor-button-link elementor-size-sm\" href=\"https:\/\/www.samson-reinigung.ch\/reinigung\/\">\n\t\t\t\t\t\t<span class=\"elementor-button-content-wrapper\">\n\t\t\t\t\t\t<span class=\"elementor-button-text\">zur\u00fcck<\/span>\n\t\t<\/span>\n\t\t\t\t\t<\/a>\n\t\t<\/div>\n\t\t\t\t<\/div>\n\t\t\t\t<\/div>\n\t\t\t\t\t<\/div>\n\t\t<\/div>\n\t\t\t\t\t<\/div>\n\t\t<\/section>\n\t\t\t\t\t<\/div>\n\t\t<\/div>\n\t\t\t\t\t<\/div>\n\t\t<\/section>\n\t\t\t\t<\/div>\n\t\t","protected":false},"excerpt":{"rendered":"<p>Dienstleistung &#8211; Ihr Mehrwert Qualit\u00e4tsmanagement f\u00fcr Umzugsreinigung mit \u00dcbergabegarantie professionelle Reinigungsmittel und -Ger\u00e4tschaften f\u00fcr verschiedene Materialien, immer die richtigen Reinigungs- und Pflegeprodukte Kundenw\u00fcnsche werden individuell beachtet in unserem Betrieb wird nach dem Vierfarbensystem gearbeitet einheitliche Reinigungsstandards Mieter untersch\u00e4tzen oft den zeitlichen Aufwand einer Umzugsreinigung &#8211; Endreinigung und wissen nicht genau in welchen Zustand Mietr\u00e4ume zu [&hellip;]<\/p>\n","protected":false},"author":1,"featured_media":0,"parent":0,"menu_order":0,"comment_status":"closed","ping_status":"closed","template":"","meta":{"footnotes":""},"_links":{"self":[{"href":"https:\/\/www.samson-reinigung.ch\/de\/wp-json\/wp\/v2\/pages\/4425"}],"collection":[{"href":"https:\/\/www.samson-reinigung.ch\/de\/wp-json\/wp\/v2\/pages"}],"about":[{"href":"https:\/\/www.samson-reinigung.ch\/de\/wp-json\/wp\/v2\/types\/page"}],"author":[{"embeddable":true,"href":"https:\/\/www.samson-reinigung.ch\/de\/wp-json\/wp\/v2\/users\/1"}],"replies":[{"embeddable":true,"href":"https:\/\/www.samson-reinigung.ch\/de\/wp-json\/wp\/v2\/comments?post=4425"}],"version-history":[{"count":10,"href":"https:\/\/www.samson-reinigung.ch\/de\/wp-json\/wp\/v2\/pages\/4425\/revisions"}],"predecessor-version":[{"id":4621,"href":"https:\/\/www.samson-reinigung.ch\/de\/wp-json\/wp\/v2\/pages\/4425\/revisions\/4621"}],"wp:attachment":[{"href":"https:\/\/www.samson-reinigung.ch\/de\/wp-json\/wp\/v2\/media?parent=4425"}],"curies":[{"name":"wp","href":"https:\/\/api.w.org\/{rel}","templated":true}]}}